{"id":438,"date":"2018-05-06T13:06:24","date_gmt":"2018-05-06T11:06:24","guid":{"rendered":"https:\/\/www.dr-ambrosius.de\/?page_id=438"},"modified":"2024-08-28T07:59:58","modified_gmt":"2024-08-28T05:59:58","slug":"impressum","status":"publish","type":"page","link":"https:\/\/www.dr-ambrosius24.de\/mycoach\/impressum\/","title":{"rendered":"Impressum"},"content":{"rendered":"<p><div class=\"fusion-fullwidth fullwidth-box fusion-builder-row-1 fusion-flex-container hundred-percent-fullwidth non-hundred-percent-height-scrolling\" style=\"--awb-border-radius-top-left:0px;--awb-border-radius-top-right:0px;--awb-border-radius-bottom-right:0px;--awb-border-radius-bottom-left:0px;--awb-padding-top:100px;--awb-padding-bottom:50px;--awb-background-color:#f4f7f9;--awb-flex-wrap:wrap;\" ><div class=\"fusion-builder-row fusion-row fusion-flex-align-items-flex-start fusion-flex-content-wrap\" style=\"width:calc( 100% + 0px ) !important;max-width:calc( 100% + 0px ) !important;margin-left: calc(-0px \/ 2 );margin-right: calc(-0px \/ 2 );\"><div class=\"fusion-layout-column fusion_builder_column fusion-builder-column-0 fusion_builder_column_1_1 1_1 fusion-flex-column\" style=\"--awb-bg-size:cover;--awb-width-large:100%;--awb-margin-top-large:0px;--awb-spacing-right-large:0px;--awb-margin-bottom-large:20px;--awb-spacing-left-large:0px;--awb-width-medium:100%;--awb-spacing-right-medium:0px;--awb-spacing-left-medium:0px;--awb-width-small:100%;--awb-spacing-right-small:0px;--awb-spacing-left-small:0px;\"><div class=\"fusion-column-wrapper fusion-flex-justify-content-flex-start fusion-content-layout-column\"><div class=\"fusion-text fusion-text-1\"><h3 style=\"text-align: center;\">Impressum<\/h3>\n<\/div><\/div><\/div><\/div><\/div><div class=\"fusion-fullwidth fullwidth-box fusion-builder-row-2 fusion-flex-container nonhundred-percent-fullwidth non-hundred-percent-height-scrolling\" style=\"--awb-border-radius-top-left:0px;--awb-border-radius-top-right:0px;--awb-border-radius-bottom-right:0px;--awb-border-radius-bottom-left:0px;--awb-margin-top:80px;--awb-flex-wrap:wrap;\" ><div class=\"fusion-builder-row fusion-row fusion-flex-align-items-flex-start fusion-flex-content-wrap\" style=\"max-width:calc( 1080px + 0px );margin-left: calc(-0px \/ 2 );margin-right: calc(-0px \/ 2 );\"><div class=\"fusion-layout-column fusion_builder_column fusion-builder-column-1 fusion_builder_column_1_6 1_6 fusion-flex-column\" style=\"--awb-padding-right:0px;--awb-padding-left:0px;--awb-bg-size:cover;--awb-width-large:16.666666666667%;--awb-margin-top-large:0px;--awb-spacing-right-large:0px;--awb-margin-bottom-large:20px;--awb-spacing-left-large:0px;--awb-width-medium:16.666666666667%;--awb-spacing-right-medium:0px;--awb-spacing-left-medium:0px;--awb-width-small:100%;--awb-spacing-right-small:0px;--awb-spacing-left-small:0px;\"><div class=\"fusion-column-wrapper fusion-flex-justify-content-flex-start fusion-content-layout-column\"><\/div><\/div><div class=\"fusion-layout-column fusion_builder_column fusion-builder-column-2 fusion_builder_column_2_3 2_3 fusion-flex-column\" style=\"--awb-padding-right:0px;--awb-padding-left:0px;--awb-bg-size:cover;--awb-width-large:66.666666666667%;--awb-margin-top-large:0px;--awb-spacing-right-large:0px;--awb-margin-bottom-large:20px;--awb-spacing-left-large:0px;--awb-width-medium:66.666666666667%;--awb-spacing-right-medium:0px;--awb-spacing-left-medium:0px;--awb-width-small:100%;--awb-spacing-right-small:0px;--awb-spacing-left-small:0px;\"><div class=\"fusion-column-wrapper fusion-flex-justify-content-flex-start fusion-content-layout-column\"><div class=\"fusion-text fusion-text-2\"><h2>Inhaltlich verantwortlich:<\/h2>\n<\/div><div class=\"fusion-builder-row fusion-builder-row-inner fusion-row fusion-flex-align-items-flex-start fusion-flex-content-wrap\" style=\"width:calc( 100% + 0px ) !important;max-width:calc( 100% + 0px ) !important;margin-left: calc(-0px \/ 2 );margin-right: calc(-0px \/ 2 );\"><div class=\"fusion-layout-column fusion_builder_column_inner fusion-builder-nested-column-0 fusion_builder_column_inner_1_2 1_2 fusion-flex-column\" style=\"--awb-bg-size:cover;--awb-width-large:50%;--awb-margin-top-large:0px;--awb-spacing-right-large:0px;--awb-margin-bottom-large:20px;--awb-spacing-left-large:0px;--awb-width-medium:50%;--awb-spacing-right-medium:0px;--awb-spacing-left-medium:0px;--awb-width-small:100%;--awb-spacing-right-small:0px;--awb-spacing-left-small:0px;\"><div class=\"fusion-column-wrapper fusion-flex-justify-content-flex-start fusion-content-layout-column\"><div class=\"fusion-text fusion-text-3\" style=\"--awb-text-transform:none;\"><p>DR. AMBROSIUS\u00ae \u2013 Ern\u00e4hrungsberatung<br \/>\nDipl.oec.troph. Dr. Petra Ambrosius<br \/>\nSonnenberger Stra\u00dfe 100, 65193 Wiesbaden<br \/>\nTelefon: 0611 \u2013 37 97 36<br \/>\nFax: 0611 \u2013 37 31 16<br \/>\nE-Mail: info@dr-ambrosius.de<br \/>\nUmsatzsteuer-ID: DE113747669<\/p>\n<\/div><\/div><\/div><div class=\"fusion-layout-column fusion_builder_column_inner fusion-builder-nested-column-1 fusion_builder_column_inner_1_2 1_2 fusion-flex-column\" style=\"--awb-bg-size:cover;--awb-width-large:50%;--awb-margin-top-large:0px;--awb-spacing-right-large:0px;--awb-margin-bottom-large:20px;--awb-spacing-left-large:0px;--awb-width-medium:50%;--awb-spacing-right-medium:0px;--awb-spacing-left-medium:0px;--awb-width-small:100%;--awb-spacing-right-small:0px;--awb-spacing-left-small:0px;\"><div class=\"fusion-column-wrapper fusion-flex-justify-content-flex-start fusion-content-layout-column\"><div class=\"fusion-image-element \" style=\"text-align:right;--awb-caption-title-font-family:var(--h2_typography-font-family);--awb-caption-title-font-weight:var(--h2_typography-font-weight);--awb-caption-title-font-style:var(--h2_typography-font-style);--awb-caption-title-size:var(--h2_typography-font-size);--awb-caption-title-transform:var(--h2_typography-text-transform);--awb-caption-title-line-height:var(--h2_typography-line-height);--awb-caption-title-letter-spacing:var(--h2_typography-letter-spacing);\"><span class=\" fusion-imageframe imageframe-none imageframe-1 hover-type-none\"><img decoding=\"async\" width=\"300\" height=\"300\" title=\"dr-ambrosius-kontakt-02\" src=\"https:\/\/www.dr-ambrosius.de\/wp-content\/uploads\/2018\/05\/dr-ambrosius-kontakt-02-300x300.png\" alt class=\"img-responsive wp-image-410\" srcset=\"https:\/\/www.dr-ambrosius24.de\/mycoach\/wp-content\/uploads\/2018\/05\/dr-ambrosius-kontakt-02-200x200.png 200w, https:\/\/www.dr-ambrosius24.de\/mycoach\/wp-content\/uploads\/2018\/05\/dr-ambrosius-kontakt-02-400x400.png 400w, https:\/\/www.dr-ambrosius24.de\/mycoach\/wp-content\/uploads\/2018\/05\/dr-ambrosius-kontakt-02.png 600w\" sizes=\"(max-width: 640px) 100vw, 300px\" \/><\/span><\/div><\/div><\/div><\/div><div class=\"fusion-text fusion-text-4\"><h2>Haftungsausschluss:<\/h2>\n<p><strong>Inhalt des Onlineangebotes<\/strong><br \/>\nDer Autor \u00fcbernimmt keinerlei Gew\u00e4hr f\u00fcr die Aktualit\u00e4t, Korrektheit, Vollst\u00e4ndigkeit oder<br \/>\nQualit\u00e4t der bereitgestellten Informationen. Haftungsanspr\u00fcche gegen den Autor, welche sich<br \/>\nauf Sch\u00e4den materieller oder ideeller Art beziehen, die durch die Nutzung oder Nichtnutzung<br \/>\nder dargebotenen Informationen bzw. durch die Nutzung fehlerhafter und unvollst\u00e4ndiger<br \/>\nInformationen verursacht wurden, sind grunds\u00e4tzlich ausgeschlossen, sofern seitens des<br \/>\nAutors kein nachweislich vors\u00e4tzliches oder grob fahrl\u00e4ssiges Verschulden vorliegt.<br \/>\nAlle Angebote sind freibleibend und unverbindlich. Der Autor beh\u00e4lt es sich ausdr\u00fccklich vor,<br \/>\nTeile der Seiten oder das gesamte Angebot ohne gesonderte Ank\u00fcndigung zu ver\u00e4ndern,<br \/>\nzu erg\u00e4nzen, zu l\u00f6schen oder die Ver\u00f6ffentlichung zeitweise oder endg\u00fcltig einzustellen.<br \/>\n<strong><br \/>\nVerweise und Links<\/strong><br \/>\nBei direkten oder indirekten Verweisen auf fremde Internetseiten \u201eLinks\u201c, die au\u00dferhalb des<br \/>\nVerantwortungsbereiches des Autors liegen, w\u00fcrde eine Haftungsverpfl ichtung ausschlie\u00dflich<br \/>\nin dem Fall in Kraft treten, in dem der Autor von den Inhalten Kenntnis hat und es ihm<br \/>\ntechnisch m\u00f6glich und zumutbar w\u00e4re, die Nutzung im Falle rechtswidriger Inhalte zu<br \/>\nverhindern. Der Autor erkl\u00e4rt hiermit ausdr\u00fccklich, dass zum Zeitpunkt der Linksetzung<br \/>\nkeine illegalen Inhalte auf den zu verlinkenden Seiten erkennbar waren. Auf die aktuelle<br \/>\nund zuk\u00fcnftige Gestaltung, die Inhalte oder die Urheberschaft der gelinkten\/verkn\u00fcpften<br \/>\nSeiten hat der Autor keinerlei Einfl uss. Deshalb distanziert er sich hiermit ausdr\u00fccklich von<br \/>\nallen Inhalten aller gelinkten\/verkn\u00fcpften Seiten, die nach der Linksetzung ver\u00e4ndert wurden.<br \/>\nDiese Feststellung gilt f\u00fcr alle innerhalb des eigenen Internetangebotes gesetzten Links<br \/>\nund Verweise sowie f\u00fcr Fremdeintr\u00e4ge in vom Autor eingerichteten G\u00e4steb\u00fcchern,<br \/>\nDiskussionsforen und Mailinglisten. F\u00fcr illegale, fehlerhafte oder unvollst\u00e4ndige Inhalte und<br \/>\ninsbesondere f\u00fcr Sch\u00e4den, die aus der Nutzung oder Nichtnutzung solcherart dargebotener<br \/>\nInformationen entstehen, haftet allein der Anbieter der Seite, auf welche verwiesen wurde,<br \/>\nnicht derjenige, der \u00fcber Links auf die jeweilige Ver\u00f6ffentlichung lediglich verweist.<br \/>\n<strong><br \/>\nUrheber- und Kennzeichenrecht<\/strong><br \/>\nDer Autor ist bestrebt, in allen Publikationen die Urheberrechte der verwendeten Grafi ken,<br \/>\nTondokumente, Videosequenzen und Texte zu beachten, von ihm selbst erstellte Grafi ken,<br \/>\nTondokumente, Videosequenzen und Texte zu nutzen oder auf lizenzfreie Grafi ken, Tondokumente,<br \/>\nVideosequenzen und Texte zur\u00fcckzugreifen. Alle innerhalb des Internetangebotes<br \/>\ngenannten und ggf. durch Dritte gesch\u00fctzten Marken- und Warenzeichen unterliegen<br \/>\nuneingeschr\u00e4nkt den Bestimmungen des jeweils g\u00fcltigen Kennzeichenrechts und den<br \/>\nBesitzrechten der jeweiligen eingetragenen Eigent\u00fcmer. Allein aufgrund der blo\u00dfen Nennung<br \/>\nist nicht der Schluss zu ziehen, dass Markenzeichen nicht durch Rechte Dritter gesch\u00fctzt sind!<br \/>\nDas Copyright f\u00fcr ver\u00f6ffentlichte, vom Autor selbst erstellte Objekte bleibt allein beim Autor<br \/>\nder Seiten. Eine Vervielf\u00e4ltigung oder Verwendung solcher Grafi ken, Tondokumente,<br \/>\nVideosequenzen und Texte in anderen elektronischen oder gedruckten Publikationen ist<br \/>\nohne ausdr\u00fcckliche Zustimmung des Autors nicht gestattet.<\/p>\n<\/div><\/div><\/div><div class=\"fusion-layout-column fusion_builder_column fusion-builder-column-3 fusion_builder_column_1_6 1_6 fusion-flex-column\" style=\"--awb-padding-right:0px;--awb-padding-left:0px;--awb-bg-size:cover;--awb-width-large:16.666666666667%;--awb-margin-top-large:0px;--awb-spacing-right-large:0px;--awb-margin-bottom-large:20px;--awb-spacing-left-large:0px;--awb-width-medium:16.666666666667%;--awb-spacing-right-medium:0px;--awb-spacing-left-medium:0px;--awb-width-small:100%;--awb-spacing-right-small:0px;--awb-spacing-left-small:0px;\"><div class=\"fusion-column-wrapper fusion-flex-justify-content-flex-start fusion-content-layout-column\"><\/div><\/div><\/div><\/div><\/p>\n","protected":false},"excerpt":{"rendered":"","protected":false},"author":8,"featured_media":0,"parent":0,"menu_order":0,"comment_status":"closed","ping_status":"closed","template":"100-width.php","meta":{"_acf_changed":false,"content-type":"","inline_featured_image":false,"footnotes":""},"class_list":["post-438","page","type-page","status-publish","hentry"],"acf":[],"yoast_head":"<!-- This site is optimized with the Yoast SEO plugin v25.2 - https:\/\/yoast.com\/wordpress\/plugins\/seo\/ -->\n<title>Impressum - DR. AMBROSIUS<\/title>\n<meta name=\"robots\" content=\"index, follow, max-snippet:-1, max-image-preview:large, max-video-preview:-1\" \/>\n<link rel=\"canonical\" href=\"https:\/\/www.dr-ambrosius24.de\/mycoach\/impressum\/\" \/>\n<meta property=\"og:locale\" content=\"de_DE\" \/>\n<meta property=\"og:type\" content=\"article\" \/>\n<meta property=\"og:title\" content=\"Impressum - DR. AMBROSIUS\" \/>\n<meta property=\"og:url\" content=\"https:\/\/www.dr-ambrosius24.de\/mycoach\/impressum\/\" \/>\n<meta property=\"og:site_name\" content=\"DR. AMBROSIUS\" \/>\n<meta property=\"article:modified_time\" content=\"2024-08-28T05:59:58+00:00\" \/>\n<meta name=\"twitter:card\" content=\"summary_large_image\" \/>\n<meta name=\"twitter:label1\" content=\"Gesch\u00e4tzte Lesezeit\" \/>\n\t<meta name=\"twitter:data1\" content=\"7\u00a0Minuten\" \/>\n<script type=\"application\/ld+json\" class=\"yoast-schema-graph\">{\"@context\":\"https:\/\/schema.org\",\"@graph\":[{\"@type\":\"WebPage\",\"@id\":\"https:\/\/www.dr-ambrosius24.de\/mycoach\/impressum\/\",\"url\":\"https:\/\/www.dr-ambrosius24.de\/mycoach\/impressum\/\",\"name\":\"Impressum - DR. AMBROSIUS\",\"isPartOf\":{\"@id\":\"https:\/\/www.dr-ambrosius24.de\/mycoach\/#website\"},\"datePublished\":\"2018-05-06T11:06:24+00:00\",\"dateModified\":\"2024-08-28T05:59:58+00:00\",\"breadcrumb\":{\"@id\":\"https:\/\/www.dr-ambrosius24.de\/mycoach\/impressum\/#breadcrumb\"},\"inLanguage\":\"de\",\"potentialAction\":[{\"@type\":\"ReadAction\",\"target\":[\"https:\/\/www.dr-ambrosius24.de\/mycoach\/impressum\/\"]}]},{\"@type\":\"BreadcrumbList\",\"@id\":\"https:\/\/www.dr-ambrosius24.de\/mycoach\/impressum\/#breadcrumb\",\"itemListElement\":[{\"@type\":\"ListItem\",\"position\":1,\"name\":\"Home\",\"item\":\"https:\/\/www.dr-ambrosius24.de\/mycoach\/\"},{\"@type\":\"ListItem\",\"position\":2,\"name\":\"Impressum\"}]},{\"@type\":\"WebSite\",\"@id\":\"https:\/\/www.dr-ambrosius24.de\/mycoach\/#website\",\"url\":\"https:\/\/www.dr-ambrosius24.de\/mycoach\/\",\"name\":\"DR. AMBROSIUS\",\"description\":\"\",\"potentialAction\":[{\"@type\":\"SearchAction\",\"target\":{\"@type\":\"EntryPoint\",\"urlTemplate\":\"https:\/\/www.dr-ambrosius24.de\/mycoach\/?s={search_term_string}\"},\"query-input\":{\"@type\":\"PropertyValueSpecification\",\"valueRequired\":true,\"valueName\":\"search_term_string\"}}],\"inLanguage\":\"de\"}]}<\/script>\n<!-- \/ Yoast SEO plugin. -->","yoast_head_json":{"title":"Impressum - DR. AMBROSIUS","robots":{"index":"index","follow":"follow","max-snippet":"max-snippet:-1","max-image-preview":"max-image-preview:large","max-video-preview":"max-video-preview:-1"},"canonical":"https:\/\/www.dr-ambrosius24.de\/mycoach\/impressum\/","og_locale":"de_DE","og_type":"article","og_title":"Impressum - DR. AMBROSIUS","og_url":"https:\/\/www.dr-ambrosius24.de\/mycoach\/impressum\/","og_site_name":"DR. AMBROSIUS","article_modified_time":"2024-08-28T05:59:58+00:00","twitter_card":"summary_large_image","twitter_misc":{"Gesch\u00e4tzte Lesezeit":"7\u00a0Minuten"},"schema":{"@context":"https:\/\/schema.org","@graph":[{"@type":"WebPage","@id":"https:\/\/www.dr-ambrosius24.de\/mycoach\/impressum\/","url":"https:\/\/www.dr-ambrosius24.de\/mycoach\/impressum\/","name":"Impressum - DR. AMBROSIUS","isPartOf":{"@id":"https:\/\/www.dr-ambrosius24.de\/mycoach\/#website"},"datePublished":"2018-05-06T11:06:24+00:00","dateModified":"2024-08-28T05:59:58+00:00","breadcrumb":{"@id":"https:\/\/www.dr-ambrosius24.de\/mycoach\/impressum\/#breadcrumb"},"inLanguage":"de","potentialAction":[{"@type":"ReadAction","target":["https:\/\/www.dr-ambrosius24.de\/mycoach\/impressum\/"]}]},{"@type":"BreadcrumbList","@id":"https:\/\/www.dr-ambrosius24.de\/mycoach\/impressum\/#breadcrumb","itemListElement":[{"@type":"ListItem","position":1,"name":"Home","item":"https:\/\/www.dr-ambrosius24.de\/mycoach\/"},{"@type":"ListItem","position":2,"name":"Impressum"}]},{"@type":"WebSite","@id":"https:\/\/www.dr-ambrosius24.de\/mycoach\/#website","url":"https:\/\/www.dr-ambrosius24.de\/mycoach\/","name":"DR. AMBROSIUS","description":"","potentialAction":[{"@type":"SearchAction","target":{"@type":"EntryPoint","urlTemplate":"https:\/\/www.dr-ambrosius24.de\/mycoach\/?s={search_term_string}"},"query-input":{"@type":"PropertyValueSpecification","valueRequired":true,"valueName":"search_term_string"}}],"inLanguage":"de"}]}},"_links":{"self":[{"href":"https:\/\/www.dr-ambrosius24.de\/mycoach\/wp-json\/wp\/v2\/pages\/438"}],"collection":[{"href":"https:\/\/www.dr-ambrosius24.de\/mycoach\/wp-json\/wp\/v2\/pages"}],"about":[{"href":"https:\/\/www.dr-ambrosius24.de\/mycoach\/wp-json\/wp\/v2\/types\/page"}],"author":[{"embeddable":true,"href":"https:\/\/www.dr-ambrosius24.de\/mycoach\/wp-json\/wp\/v2\/users\/8"}],"replies":[{"embeddable":true,"href":"https:\/\/www.dr-ambrosius24.de\/mycoach\/wp-json\/wp\/v2\/comments?post=438"}],"version-history":[{"count":9,"href":"https:\/\/www.dr-ambrosius24.de\/mycoach\/wp-json\/wp\/v2\/pages\/438\/revisions"}],"predecessor-version":[{"id":1456,"href":"https:\/\/www.dr-ambrosius24.de\/mycoach\/wp-json\/wp\/v2\/pages\/438\/revisions\/1456"}],"wp:attachment":[{"href":"https:\/\/www.dr-ambrosius24.de\/mycoach\/wp-json\/wp\/v2\/media?parent=438"}],"curies":[{"name":"wp","href":"https:\/\/api.w.org\/{rel}","templated":true}]}}