{"id":23983,"date":"2025-02-27T10:21:45","date_gmt":"2025-02-27T09:21:45","guid":{"rendered":"https:\/\/www.dr-ambrosius24.de\/mycoach\/?post_type=product&#038;p=23983"},"modified":"2025-03-04T00:05:25","modified_gmt":"2025-03-03T23:05:25","slug":"sports","status":"publish","type":"product","link":"https:\/\/www.dr-ambrosius24.de\/mycoach\/produkt\/sports\/","title":{"rendered":"Sports"},"content":{"rendered":"<h3 class=\"font-bold text-h4 leading-[30px] pt-[15px] pb-[2px] [&amp;_a]:underline-offset-[6px] [&amp;_.underline]:underline-offset-[6px]\">Dein Erfolgsfaktor im Sport: Gesunder Darm, starke Leistung! &#x1f3cb;&#xfe0f;&#x200d;&#x2640;&#xfe0f;&#x26bd;&#xfe0f;&#x1f3c3;&#x200d;&#x2642;&#xfe0f;<\/h3>\n<p class=\"text-body font-regular leading-[24px] pt-[9px] pb-[2px]\">Wusstest du, dass dein Darm deine sportliche Performance beeinflusst? Eine gest\u00e4rkte Darmflora verbessert nicht nur deine Energie, Regeneration und Verdauung, sondern auch dein allgemeines Wohlbefinden \u2013 die perfekte Basis f\u00fcr H\u00f6chstleistungen!<\/p>\n<p class=\"text-body font-regular leading-[24px] pt-[9px] pb-[2px]\">&#x1f449; Hol dir praktische Tipps und Insiderwissen von den Expertinnen Dr. Christina Steinbach und Ilona Ruhnau. Mit ihrem individuellen Ern\u00e4hrungscoaching bekommst du genau die Strategien, die zu deinem K\u00f6rper, deinem Training und deinen Zielen passen.<\/p>\n<p class=\"text-body font-regular leading-[24px] pt-[9px] pb-[2px]\">Mach das Beste aus deinem Training \u2013 starte jetzt und entdecke, wie DU deinen sportlichen Erfolg von innen heraus st\u00e4rken kannst! &#x1f4aa;&#x2728;<\/p>\n<p class=\"text-body font-regular leading-[24px] pt-[9px] pb-[2px]\">&#x27a1;&#xfe0f; Sichere dir dein pers\u00f6nliches Coaching und bring deinen Darm aufs n\u00e4chste Level!<\/p>\n","protected":false},"excerpt":{"rendered":"<p>Mit<\/p>\n<p>individueller Ern\u00e4hrungsplan<\/p>\n<p>5x pers\u00f6nliches Coaching<\/p>\n<p>Teilnahmebescheinigung<\/p>\n<p>Zugang zu deinen f\u00fcr dich zusammengestellten SPORTS Trackingeinheiten<\/p>\n","protected":false},"featured_media":17602,"template":"","meta":{"_acf_changed":false,"content-type":"","inline_featured_image":false},"product_brand":[],"product_cat":[70],"product_tag":[],"class_list":{"0":"post-23983","1":"product","2":"type-product","3":"status-publish","4":"has-post-thumbnail","6":"product_cat-unkategorisiert","8":"first","9":"instock","10":"taxable","11":"shipping-taxable","12":"purchasable","13":"product-type-simple"},"acf":[],"yoast_head":"<!-- This site is optimized with the Yoast SEO plugin v25.2 - https:\/\/yoast.com\/wordpress\/plugins\/seo\/ -->\n<title>Sports - DR. AMBROSIUS<\/title>\n<meta name=\"robots\" content=\"index, follow, max-snippet:-1, max-image-preview:large, max-video-preview:-1\" \/>\n<link rel=\"canonical\" href=\"https:\/\/www.dr-ambrosius24.de\/mycoach\/produkt\/sports\/\" \/>\n<meta property=\"og:locale\" content=\"de_DE\" \/>\n<meta property=\"og:type\" content=\"article\" \/>\n<meta property=\"og:title\" content=\"Sports - DR. AMBROSIUS\" \/>\n<meta property=\"og:description\" content=\"Mit  individueller Ern\u00e4hrungsplan  5x pers\u00f6nliches Coaching  Teilnahmebescheinigung  Zugang zu deinen f\u00fcr dich zusammengestellten SPORTS Trackingeinheiten\" \/>\n<meta property=\"og:url\" content=\"https:\/\/www.dr-ambrosius24.de\/mycoach\/produkt\/sports\/\" \/>\n<meta property=\"og:site_name\" content=\"DR. AMBROSIUS\" \/>\n<meta property=\"article:modified_time\" content=\"2025-03-03T23:05:25+00:00\" \/>\n<meta property=\"og:image\" content=\"https:\/\/www.dr-ambrosius24.de\/mycoach\/wp-content\/uploads\/2023\/07\/iStock-1487362223-scaled.jpg\" \/>\n\t<meta property=\"og:image:width\" content=\"2560\" \/>\n\t<meta property=\"og:image:height\" content=\"1707\" \/>\n\t<meta property=\"og:image:type\" content=\"image\/jpeg\" \/>\n<meta name=\"twitter:card\" content=\"summary_large_image\" \/>\n<meta name=\"twitter:label1\" content=\"Gesch\u00e4tzte Lesezeit\" \/>\n\t<meta name=\"twitter:data1\" content=\"1\u00a0Minute\" \/>\n<script type=\"application\/ld+json\" class=\"yoast-schema-graph\">{\"@context\":\"https:\/\/schema.org\",\"@graph\":[{\"@type\":\"WebPage\",\"@id\":\"https:\/\/www.dr-ambrosius24.de\/mycoach\/produkt\/sports\/\",\"url\":\"https:\/\/www.dr-ambrosius24.de\/mycoach\/produkt\/sports\/\",\"name\":\"Sports - DR. AMBROSIUS\",\"isPartOf\":{\"@id\":\"https:\/\/www.dr-ambrosius24.de\/mycoach\/#website\"},\"primaryImageOfPage\":{\"@id\":\"https:\/\/www.dr-ambrosius24.de\/mycoach\/produkt\/sports\/#primaryimage\"},\"image\":{\"@id\":\"https:\/\/www.dr-ambrosius24.de\/mycoach\/produkt\/sports\/#primaryimage\"},\"thumbnailUrl\":\"https:\/\/www.dr-ambrosius24.de\/mycoach\/wp-content\/uploads\/2023\/07\/iStock-1487362223-scaled.jpg\",\"datePublished\":\"2025-02-27T09:21:45+00:00\",\"dateModified\":\"2025-03-03T23:05:25+00:00\",\"breadcrumb\":{\"@id\":\"https:\/\/www.dr-ambrosius24.de\/mycoach\/produkt\/sports\/#breadcrumb\"},\"inLanguage\":\"de\",\"potentialAction\":[{\"@type\":\"ReadAction\",\"target\":[\"https:\/\/www.dr-ambrosius24.de\/mycoach\/produkt\/sports\/\"]}]},{\"@type\":\"ImageObject\",\"inLanguage\":\"de\",\"@id\":\"https:\/\/www.dr-ambrosius24.de\/mycoach\/produkt\/sports\/#primaryimage\",\"url\":\"https:\/\/www.dr-ambrosius24.de\/mycoach\/wp-content\/uploads\/2023\/07\/iStock-1487362223-scaled.jpg\",\"contentUrl\":\"https:\/\/www.dr-ambrosius24.de\/mycoach\/wp-content\/uploads\/2023\/07\/iStock-1487362223-scaled.jpg\",\"width\":2560,\"height\":1707,\"caption\":\"Happy sporty couple eating vegetable salad after intensive workout\"},{\"@type\":\"BreadcrumbList\",\"@id\":\"https:\/\/www.dr-ambrosius24.de\/mycoach\/produkt\/sports\/#breadcrumb\",\"itemListElement\":[{\"@type\":\"ListItem\",\"position\":1,\"name\":\"Home\",\"item\":\"https:\/\/www.dr-ambrosius24.de\/mycoach\/\"},{\"@type\":\"ListItem\",\"position\":2,\"name\":\"Shop\",\"item\":\"https:\/\/www.dr-ambrosius24.de\/mycoach\/shop\/\"},{\"@type\":\"ListItem\",\"position\":3,\"name\":\"Sports\"}]},{\"@type\":\"WebSite\",\"@id\":\"https:\/\/www.dr-ambrosius24.de\/mycoach\/#website\",\"url\":\"https:\/\/www.dr-ambrosius24.de\/mycoach\/\",\"name\":\"DR. AMBROSIUS\",\"description\":\"\",\"potentialAction\":[{\"@type\":\"SearchAction\",\"target\":{\"@type\":\"EntryPoint\",\"urlTemplate\":\"https:\/\/www.dr-ambrosius24.de\/mycoach\/?s={search_term_string}\"},\"query-input\":{\"@type\":\"PropertyValueSpecification\",\"valueRequired\":true,\"valueName\":\"search_term_string\"}}],\"inLanguage\":\"de\"}]}<\/script>\n<!-- \/ Yoast SEO plugin. -->","yoast_head_json":{"title":"Sports - DR. AMBROSIUS","robots":{"index":"index","follow":"follow","max-snippet":"max-snippet:-1","max-image-preview":"max-image-preview:large","max-video-preview":"max-video-preview:-1"},"canonical":"https:\/\/www.dr-ambrosius24.de\/mycoach\/produkt\/sports\/","og_locale":"de_DE","og_type":"article","og_title":"Sports - DR. AMBROSIUS","og_description":"Mit  individueller Ern\u00e4hrungsplan  5x pers\u00f6nliches Coaching  Teilnahmebescheinigung  Zugang zu deinen f\u00fcr dich zusammengestellten SPORTS Trackingeinheiten","og_url":"https:\/\/www.dr-ambrosius24.de\/mycoach\/produkt\/sports\/","og_site_name":"DR. AMBROSIUS","article_modified_time":"2025-03-03T23:05:25+00:00","og_image":[{"width":2560,"height":1707,"url":"https:\/\/www.dr-ambrosius24.de\/mycoach\/wp-content\/uploads\/2023\/07\/iStock-1487362223-scaled.jpg","type":"image\/jpeg"}],"twitter_card":"summary_large_image","twitter_misc":{"Gesch\u00e4tzte Lesezeit":"1\u00a0Minute"},"schema":{"@context":"https:\/\/schema.org","@graph":[{"@type":"WebPage","@id":"https:\/\/www.dr-ambrosius24.de\/mycoach\/produkt\/sports\/","url":"https:\/\/www.dr-ambrosius24.de\/mycoach\/produkt\/sports\/","name":"Sports - DR. AMBROSIUS","isPartOf":{"@id":"https:\/\/www.dr-ambrosius24.de\/mycoach\/#website"},"primaryImageOfPage":{"@id":"https:\/\/www.dr-ambrosius24.de\/mycoach\/produkt\/sports\/#primaryimage"},"image":{"@id":"https:\/\/www.dr-ambrosius24.de\/mycoach\/produkt\/sports\/#primaryimage"},"thumbnailUrl":"https:\/\/www.dr-ambrosius24.de\/mycoach\/wp-content\/uploads\/2023\/07\/iStock-1487362223-scaled.jpg","datePublished":"2025-02-27T09:21:45+00:00","dateModified":"2025-03-03T23:05:25+00:00","breadcrumb":{"@id":"https:\/\/www.dr-ambrosius24.de\/mycoach\/produkt\/sports\/#breadcrumb"},"inLanguage":"de","potentialAction":[{"@type":"ReadAction","target":["https:\/\/www.dr-ambrosius24.de\/mycoach\/produkt\/sports\/"]}]},{"@type":"ImageObject","inLanguage":"de","@id":"https:\/\/www.dr-ambrosius24.de\/mycoach\/produkt\/sports\/#primaryimage","url":"https:\/\/www.dr-ambrosius24.de\/mycoach\/wp-content\/uploads\/2023\/07\/iStock-1487362223-scaled.jpg","contentUrl":"https:\/\/www.dr-ambrosius24.de\/mycoach\/wp-content\/uploads\/2023\/07\/iStock-1487362223-scaled.jpg","width":2560,"height":1707,"caption":"Happy sporty couple eating vegetable salad after intensive workout"},{"@type":"BreadcrumbList","@id":"https:\/\/www.dr-ambrosius24.de\/mycoach\/produkt\/sports\/#breadcrumb","itemListElement":[{"@type":"ListItem","position":1,"name":"Home","item":"https:\/\/www.dr-ambrosius24.de\/mycoach\/"},{"@type":"ListItem","position":2,"name":"Shop","item":"https:\/\/www.dr-ambrosius24.de\/mycoach\/shop\/"},{"@type":"ListItem","position":3,"name":"Sports"}]},{"@type":"WebSite","@id":"https:\/\/www.dr-ambrosius24.de\/mycoach\/#website","url":"https:\/\/www.dr-ambrosius24.de\/mycoach\/","name":"DR. AMBROSIUS","description":"","potentialAction":[{"@type":"SearchAction","target":{"@type":"EntryPoint","urlTemplate":"https:\/\/www.dr-ambrosius24.de\/mycoach\/?s={search_term_string}"},"query-input":{"@type":"PropertyValueSpecification","valueRequired":true,"valueName":"search_term_string"}}],"inLanguage":"de"}]}},"_links":{"self":[{"href":"https:\/\/www.dr-ambrosius24.de\/mycoach\/wp-json\/wp\/v2\/product\/23983"}],"collection":[{"href":"https:\/\/www.dr-ambrosius24.de\/mycoach\/wp-json\/wp\/v2\/product"}],"about":[{"href":"https:\/\/www.dr-ambrosius24.de\/mycoach\/wp-json\/wp\/v2\/types\/product"}],"wp:featuredmedia":[{"embeddable":true,"href":"https:\/\/www.dr-ambrosius24.de\/mycoach\/wp-json\/wp\/v2\/media\/17602"}],"wp:attachment":[{"href":"https:\/\/www.dr-ambrosius24.de\/mycoach\/wp-json\/wp\/v2\/media?parent=23983"}],"wp:term":[{"taxonomy":"product_brand","embeddable":true,"href":"https:\/\/www.dr-ambrosius24.de\/mycoach\/wp-json\/wp\/v2\/product_brand?post=23983"},{"taxonomy":"product_cat","embeddable":true,"href":"https:\/\/www.dr-ambrosius24.de\/mycoach\/wp-json\/wp\/v2\/product_cat?post=23983"},{"taxonomy":"product_tag","embeddable":true,"href":"https:\/\/www.dr-ambrosius24.de\/mycoach\/wp-json\/wp\/v2\/product_tag?post=23983"}],"curies":[{"name":"wp","href":"https:\/\/api.w.org\/{rel}","templated":true}]}}