{"id":24750,"date":"2025-04-28T12:54:34","date_gmt":"2025-04-28T10:54:34","guid":{"rendered":"https:\/\/www.dr-ambrosius24.de\/mycoach\/?post_type=product&#038;p=24750"},"modified":"2025-04-28T13:23:22","modified_gmt":"2025-04-28T11:23:22","slug":"abnehmen","status":"publish","type":"product","link":"https:\/\/www.dr-ambrosius24.de\/mycoach\/produkt\/abnehmen\/","title":{"rendered":"15 Abnehm-Hacks f\u00fcr Vielbesch\u00e4ftigte. Effektiv abnehmen trotz vollem Terminkalender"},"content":{"rendered":"","protected":false},"excerpt":{"rendered":"<div class=\"relative\" data-testid=\"copilot-node-content-card-message\">\n<div class=\"p-3 relative\">\n<div class=\"break-words markdown-formatted-text\">\n<p class=\"\" data-start=\"108\" data-end=\"428\"><strong data-start=\"108\" data-end=\"215\">Erreiche dein Wohlf\u00fchlgewicht trotz vollem Terminkalender \u2013 mit &#8220;15 Abnehm-Hacks f\u00fcr Vielbesch\u00e4ftigte&#8221;!<\/strong><br data-start=\"215\" data-end=\"218\" \/>Dieses eBook, entwickelt von der renommierten Ern\u00e4hrungsberaterin Franca Mangiameli von DR. AMBROSIUS, bietet dir praxisnahe und zeitsparende Strategien, um effektiv abzunehmen \u2013 auch wenn du wenig Zeit hast.<\/p>\n<h1 data-start=\"430\" data-end=\"890\"><strong data-start=\"430\" data-end=\"452\">Was erwartet dich?<\/strong><\/h1>\n<p data-start=\"430\" data-end=\"890\">\u2022 <strong>Alltagstaugliche Hacks<\/strong> f\u00fcr gesunde Ern\u00e4hrung ohne komplizierte Di\u00e4ten<br data-start=\"526\" data-end=\"529\" \/>\u2022 Zeitersparnis dank einfacher und <strong>schneller Umsetzungsstrategien<\/strong><br data-start=\"594\" data-end=\"597\" \/>\u2022 Expertise von <strong>Franca Mangiameli<\/strong>, basierend auf langj\u00e4hriger Erfahrung in der Ern\u00e4hrungsberatung<br data-start=\"696\" data-end=\"699\" \/>\u2022 <strong>Checklisten und Bonusmaterialien<\/strong> wie ein Wochenplan und das Tellermodell f\u00fcr deine optimale Unterst\u00fctzung<br data-start=\"806\" data-end=\"809\" \/>\u2022 <strong>Tipps f\u00fcr Intervallfasten<\/strong>, Meal Prep, Stressmanagement, Mikro-Bewegung und mehr<\/p>\n<h1 data-start=\"892\" data-end=\"1239\"><strong data-start=\"892\" data-end=\"915\">Warum dieses eBook?<\/strong><\/h1>\n<p class=\"\" data-start=\"892\" data-end=\"1239\">\u201e15 Abnehm-Hacks f\u00fcr Vielbesch\u00e4ftigte\u201c ist mehr als ein Ratgeber \u2013 es ist dein pers\u00f6nlicher Begleiter, um dauerhaft gesunde Gewohnheiten zu etablieren. Lerne, wie du clever mit Stress umgehst, deine Ern\u00e4hrung smarter gestaltest und deinen Alltag bewusster erlebst \u2013 ohne dich zu \u00fcberfordern oder auf Genuss zu verzichten.<\/p>\n<h1 data-start=\"1241\" data-end=\"1480\"><strong data-start=\"1241\" data-end=\"1256\">Highlights:<\/strong><\/h1>\n<p class=\"\" data-start=\"1241\" data-end=\"1480\">\u2022 <strong>Abnehmstrategien,<\/strong> die perfekt in einen <strong>hektischen Alltag<\/strong> passen<br data-start=\"1324\" data-end=\"1327\" \/>\u2022 Konkrete Hilfe bei Themen wie <strong>Hei\u00dfhunger, Zeitmangel<\/strong> und fehlender Motivation<br data-start=\"1406\" data-end=\"1409\" \/>\u2022 <strong>Bonus-Code<\/strong> f\u00fcr eine verg\u00fcnstigte Ern\u00e4hrungsberatung bei DR. AMBROSIUS<\/p>\n<h5 data-start=\"1482\" data-end=\"1736\"><span style=\"color: #808080;\"><em><strong data-start=\"1482\" data-end=\"1519\">Bereit f\u00fcr dein leichteres Leben?<\/strong><\/em><\/span><\/h5>\n<p class=\"\" data-start=\"1482\" data-end=\"1736\">Starte noch heute mit \u201e15 Abnehm-Hacks f\u00fcr Vielbesch\u00e4ftigte\u201c in deinen neuen Alltag \u2013 effizient, alltagstauglich und nachhaltig.<br data-start=\"1650\" data-end=\"1653\" \/>Hole dir jetzt das eBook und erlebe, wie einfach gesunde Ver\u00e4nderungen sein k\u00f6nnen!<\/p>\n<\/div>\n<\/div>\n<\/div>\n","protected":false},"featured_media":24751,"template":"","meta":{"_acf_changed":false,"content-type":"","inline_featured_image":false},"product_brand":[],"product_cat":[89],"product_tag":[],"class_list":{"0":"post-24750","1":"product","2":"type-product","3":"status-publish","4":"has-post-thumbnail","6":"product_cat-ebook","8":"first","9":"instock","10":"downloadable","11":"taxable","12":"shipping-taxable","13":"purchasable","14":"product-type-simple"},"acf":[],"yoast_head":"<!-- This site is optimized with the Yoast SEO plugin v25.2 - https:\/\/yoast.com\/wordpress\/plugins\/seo\/ -->\n<title>15 Abnehm-Hacks f\u00fcr Vielbesch\u00e4ftigte. Effektiv abnehmen trotz vollem Terminkalender - DR. AMBROSIUS<\/title>\n<meta name=\"robots\" content=\"index, follow, max-snippet:-1, max-image-preview:large, max-video-preview:-1\" \/>\n<link rel=\"canonical\" href=\"https:\/\/www.dr-ambrosius24.de\/mycoach\/produkt\/abnehmen\/\" \/>\n<meta property=\"og:locale\" content=\"de_DE\" \/>\n<meta property=\"og:type\" content=\"article\" \/>\n<meta property=\"og:title\" content=\"15 Abnehm-Hacks f\u00fcr Vielbesch\u00e4ftigte. Effektiv abnehmen trotz vollem Terminkalender - DR. AMBROSIUS\" \/>\n<meta property=\"og:description\" content=\"Erreiche dein Wohlf\u00fchlgewicht trotz vollem Terminkalender \u2013 mit &quot;15 Abnehm-Hacks f\u00fcr Vielbesch\u00e4ftigte&quot;!Dieses eBook, entwickelt von der renommierten Ern\u00e4hrungsberaterin Franca Mangiameli von DR. AMBROSIUS, bietet dir praxisnahe und zeitsparende Strategien, um effektiv abzunehmen \u2013 auch wenn du wenig Zeit hast.  Was erwartet dich? \u2022 Alltagstaugliche Hacks f\u00fcr gesunde Ern\u00e4hrung ohne komplizierte Di\u00e4ten\u2022 Zeitersparnis dank einfacher und schneller Umsetzungsstrategien\u2022 Expertise von Franca Mangiameli, basierend auf langj\u00e4hriger Erfahrung in der Ern\u00e4hrungsberatung\u2022 Checklisten und Bonusmaterialien wie ein Wochenplan und das Tellermodell f\u00fcr deine optimale Unterst\u00fctzung\u2022 Tipps f\u00fcr Intervallfasten, Meal Prep, Stressmanagement, Mikro-Bewegung und mehr  Warum dieses eBook? \u201e15 Abnehm-Hacks f\u00fcr Vielbesch\u00e4ftigte\u201c ist mehr als ein Ratgeber \u2013 es ist dein pers\u00f6nlicher Begleiter, um dauerhaft gesunde Gewohnheiten zu etablieren. Lerne, wie du clever mit Stress umgehst, deine Ern\u00e4hrung smarter gestaltest und deinen Alltag bewusster erlebst \u2013 ohne dich zu \u00fcberfordern oder auf Genuss zu verzichten.  Highlights: \u2022 Abnehmstrategien, die perfekt in einen hektischen Alltag passen\u2022 Konkrete Hilfe bei Themen wie Hei\u00dfhunger, Zeitmangel und fehlender Motivation\u2022 Bonus-Code f\u00fcr eine verg\u00fcnstigte Ern\u00e4hrungsberatung bei DR. AMBROSIUS  Bereit f\u00fcr dein leichteres Leben? Starte noch heute mit \u201e15 Abnehm-Hacks f\u00fcr Vielbesch\u00e4ftigte\u201c in deinen neuen Alltag \u2013 effizient, alltagstauglich und nachhaltig.Hole dir jetzt das eBook und erlebe, wie einfach gesunde Ver\u00e4nderungen sein k\u00f6nnen!\" \/>\n<meta property=\"og:url\" content=\"https:\/\/www.dr-ambrosius24.de\/mycoach\/produkt\/abnehmen\/\" \/>\n<meta property=\"og:site_name\" content=\"DR. AMBROSIUS\" \/>\n<meta property=\"article:modified_time\" content=\"2025-04-28T11:23:22+00:00\" \/>\n<meta property=\"og:image\" content=\"https:\/\/www.dr-ambrosius24.de\/mycoach\/wp-content\/uploads\/2025\/04\/Mockup_FunnelInside.png\" \/>\n\t<meta property=\"og:image:width\" content=\"1080\" \/>\n\t<meta property=\"og:image:height\" content=\"1080\" \/>\n\t<meta property=\"og:image:type\" content=\"image\/png\" \/>\n<meta name=\"twitter:card\" content=\"summary_large_image\" \/>\n<meta name=\"twitter:label1\" content=\"Gesch\u00e4tzte Lesezeit\" \/>\n\t<meta name=\"twitter:data1\" content=\"1\u00a0Minute\" \/>\n<script type=\"application\/ld+json\" class=\"yoast-schema-graph\">{\"@context\":\"https:\/\/schema.org\",\"@graph\":[{\"@type\":\"WebPage\",\"@id\":\"https:\/\/www.dr-ambrosius24.de\/mycoach\/produkt\/abnehmen\/\",\"url\":\"https:\/\/www.dr-ambrosius24.de\/mycoach\/produkt\/abnehmen\/\",\"name\":\"15 Abnehm-Hacks f\u00fcr Vielbesch\u00e4ftigte. Effektiv abnehmen trotz vollem Terminkalender - DR. AMBROSIUS\",\"isPartOf\":{\"@id\":\"https:\/\/www.dr-ambrosius24.de\/mycoach\/#website\"},\"primaryImageOfPage\":{\"@id\":\"https:\/\/www.dr-ambrosius24.de\/mycoach\/produkt\/abnehmen\/#primaryimage\"},\"image\":{\"@id\":\"https:\/\/www.dr-ambrosius24.de\/mycoach\/produkt\/abnehmen\/#primaryimage\"},\"thumbnailUrl\":\"https:\/\/www.dr-ambrosius24.de\/mycoach\/wp-content\/uploads\/2025\/04\/Mockup_FunnelInside.png\",\"datePublished\":\"2025-04-28T10:54:34+00:00\",\"dateModified\":\"2025-04-28T11:23:22+00:00\",\"breadcrumb\":{\"@id\":\"https:\/\/www.dr-ambrosius24.de\/mycoach\/produkt\/abnehmen\/#breadcrumb\"},\"inLanguage\":\"de\",\"potentialAction\":[{\"@type\":\"ReadAction\",\"target\":[\"https:\/\/www.dr-ambrosius24.de\/mycoach\/produkt\/abnehmen\/\"]}]},{\"@type\":\"ImageObject\",\"inLanguage\":\"de\",\"@id\":\"https:\/\/www.dr-ambrosius24.de\/mycoach\/produkt\/abnehmen\/#primaryimage\",\"url\":\"https:\/\/www.dr-ambrosius24.de\/mycoach\/wp-content\/uploads\/2025\/04\/Mockup_FunnelInside.png\",\"contentUrl\":\"https:\/\/www.dr-ambrosius24.de\/mycoach\/wp-content\/uploads\/2025\/04\/Mockup_FunnelInside.png\",\"width\":1080,\"height\":1080},{\"@type\":\"BreadcrumbList\",\"@id\":\"https:\/\/www.dr-ambrosius24.de\/mycoach\/produkt\/abnehmen\/#breadcrumb\",\"itemListElement\":[{\"@type\":\"ListItem\",\"position\":1,\"name\":\"Home\",\"item\":\"https:\/\/www.dr-ambrosius24.de\/mycoach\/\"},{\"@type\":\"ListItem\",\"position\":2,\"name\":\"Shop\",\"item\":\"https:\/\/www.dr-ambrosius24.de\/mycoach\/shop\/\"},{\"@type\":\"ListItem\",\"position\":3,\"name\":\"15 Abnehm-Hacks f\u00fcr Vielbesch\u00e4ftigte. Effektiv abnehmen trotz vollem Terminkalender\"}]},{\"@type\":\"WebSite\",\"@id\":\"https:\/\/www.dr-ambrosius24.de\/mycoach\/#website\",\"url\":\"https:\/\/www.dr-ambrosius24.de\/mycoach\/\",\"name\":\"DR. AMBROSIUS\",\"description\":\"\",\"potentialAction\":[{\"@type\":\"SearchAction\",\"target\":{\"@type\":\"EntryPoint\",\"urlTemplate\":\"https:\/\/www.dr-ambrosius24.de\/mycoach\/?s={search_term_string}\"},\"query-input\":{\"@type\":\"PropertyValueSpecification\",\"valueRequired\":true,\"valueName\":\"search_term_string\"}}],\"inLanguage\":\"de\"}]}<\/script>\n<!-- \/ Yoast SEO plugin. -->","yoast_head_json":{"title":"15 Abnehm-Hacks f\u00fcr Vielbesch\u00e4ftigte. Effektiv abnehmen trotz vollem Terminkalender - DR. AMBROSIUS","robots":{"index":"index","follow":"follow","max-snippet":"max-snippet:-1","max-image-preview":"max-image-preview:large","max-video-preview":"max-video-preview:-1"},"canonical":"https:\/\/www.dr-ambrosius24.de\/mycoach\/produkt\/abnehmen\/","og_locale":"de_DE","og_type":"article","og_title":"15 Abnehm-Hacks f\u00fcr Vielbesch\u00e4ftigte. Effektiv abnehmen trotz vollem Terminkalender - DR. AMBROSIUS","og_description":"Erreiche dein Wohlf\u00fchlgewicht trotz vollem Terminkalender \u2013 mit \"15 Abnehm-Hacks f\u00fcr Vielbesch\u00e4ftigte\"!Dieses eBook, entwickelt von der renommierten Ern\u00e4hrungsberaterin Franca Mangiameli von DR. AMBROSIUS, bietet dir praxisnahe und zeitsparende Strategien, um effektiv abzunehmen \u2013 auch wenn du wenig Zeit hast.  Was erwartet dich? \u2022 Alltagstaugliche Hacks f\u00fcr gesunde Ern\u00e4hrung ohne komplizierte Di\u00e4ten\u2022 Zeitersparnis dank einfacher und schneller Umsetzungsstrategien\u2022 Expertise von Franca Mangiameli, basierend auf langj\u00e4hriger Erfahrung in der Ern\u00e4hrungsberatung\u2022 Checklisten und Bonusmaterialien wie ein Wochenplan und das Tellermodell f\u00fcr deine optimale Unterst\u00fctzung\u2022 Tipps f\u00fcr Intervallfasten, Meal Prep, Stressmanagement, Mikro-Bewegung und mehr  Warum dieses eBook? \u201e15 Abnehm-Hacks f\u00fcr Vielbesch\u00e4ftigte\u201c ist mehr als ein Ratgeber \u2013 es ist dein pers\u00f6nlicher Begleiter, um dauerhaft gesunde Gewohnheiten zu etablieren. Lerne, wie du clever mit Stress umgehst, deine Ern\u00e4hrung smarter gestaltest und deinen Alltag bewusster erlebst \u2013 ohne dich zu \u00fcberfordern oder auf Genuss zu verzichten.  Highlights: \u2022 Abnehmstrategien, die perfekt in einen hektischen Alltag passen\u2022 Konkrete Hilfe bei Themen wie Hei\u00dfhunger, Zeitmangel und fehlender Motivation\u2022 Bonus-Code f\u00fcr eine verg\u00fcnstigte Ern\u00e4hrungsberatung bei DR. AMBROSIUS  Bereit f\u00fcr dein leichteres Leben? Starte noch heute mit \u201e15 Abnehm-Hacks f\u00fcr Vielbesch\u00e4ftigte\u201c in deinen neuen Alltag \u2013 effizient, alltagstauglich und nachhaltig.Hole dir jetzt das eBook und erlebe, wie einfach gesunde Ver\u00e4nderungen sein k\u00f6nnen!","og_url":"https:\/\/www.dr-ambrosius24.de\/mycoach\/produkt\/abnehmen\/","og_site_name":"DR. AMBROSIUS","article_modified_time":"2025-04-28T11:23:22+00:00","og_image":[{"width":1080,"height":1080,"url":"https:\/\/www.dr-ambrosius24.de\/mycoach\/wp-content\/uploads\/2025\/04\/Mockup_FunnelInside.png","type":"image\/png"}],"twitter_card":"summary_large_image","twitter_misc":{"Gesch\u00e4tzte Lesezeit":"1\u00a0Minute"},"schema":{"@context":"https:\/\/schema.org","@graph":[{"@type":"WebPage","@id":"https:\/\/www.dr-ambrosius24.de\/mycoach\/produkt\/abnehmen\/","url":"https:\/\/www.dr-ambrosius24.de\/mycoach\/produkt\/abnehmen\/","name":"15 Abnehm-Hacks f\u00fcr Vielbesch\u00e4ftigte. Effektiv abnehmen trotz vollem Terminkalender - DR. AMBROSIUS","isPartOf":{"@id":"https:\/\/www.dr-ambrosius24.de\/mycoach\/#website"},"primaryImageOfPage":{"@id":"https:\/\/www.dr-ambrosius24.de\/mycoach\/produkt\/abnehmen\/#primaryimage"},"image":{"@id":"https:\/\/www.dr-ambrosius24.de\/mycoach\/produkt\/abnehmen\/#primaryimage"},"thumbnailUrl":"https:\/\/www.dr-ambrosius24.de\/mycoach\/wp-content\/uploads\/2025\/04\/Mockup_FunnelInside.png","datePublished":"2025-04-28T10:54:34+00:00","dateModified":"2025-04-28T11:23:22+00:00","breadcrumb":{"@id":"https:\/\/www.dr-ambrosius24.de\/mycoach\/produkt\/abnehmen\/#breadcrumb"},"inLanguage":"de","potentialAction":[{"@type":"ReadAction","target":["https:\/\/www.dr-ambrosius24.de\/mycoach\/produkt\/abnehmen\/"]}]},{"@type":"ImageObject","inLanguage":"de","@id":"https:\/\/www.dr-ambrosius24.de\/mycoach\/produkt\/abnehmen\/#primaryimage","url":"https:\/\/www.dr-ambrosius24.de\/mycoach\/wp-content\/uploads\/2025\/04\/Mockup_FunnelInside.png","contentUrl":"https:\/\/www.dr-ambrosius24.de\/mycoach\/wp-content\/uploads\/2025\/04\/Mockup_FunnelInside.png","width":1080,"height":1080},{"@type":"BreadcrumbList","@id":"https:\/\/www.dr-ambrosius24.de\/mycoach\/produkt\/abnehmen\/#breadcrumb","itemListElement":[{"@type":"ListItem","position":1,"name":"Home","item":"https:\/\/www.dr-ambrosius24.de\/mycoach\/"},{"@type":"ListItem","position":2,"name":"Shop","item":"https:\/\/www.dr-ambrosius24.de\/mycoach\/shop\/"},{"@type":"ListItem","position":3,"name":"15 Abnehm-Hacks f\u00fcr Vielbesch\u00e4ftigte. Effektiv abnehmen trotz vollem Terminkalender"}]},{"@type":"WebSite","@id":"https:\/\/www.dr-ambrosius24.de\/mycoach\/#website","url":"https:\/\/www.dr-ambrosius24.de\/mycoach\/","name":"DR. AMBROSIUS","description":"","potentialAction":[{"@type":"SearchAction","target":{"@type":"EntryPoint","urlTemplate":"https:\/\/www.dr-ambrosius24.de\/mycoach\/?s={search_term_string}"},"query-input":{"@type":"PropertyValueSpecification","valueRequired":true,"valueName":"search_term_string"}}],"inLanguage":"de"}]}},"_links":{"self":[{"href":"https:\/\/www.dr-ambrosius24.de\/mycoach\/wp-json\/wp\/v2\/product\/24750"}],"collection":[{"href":"https:\/\/www.dr-ambrosius24.de\/mycoach\/wp-json\/wp\/v2\/product"}],"about":[{"href":"https:\/\/www.dr-ambrosius24.de\/mycoach\/wp-json\/wp\/v2\/types\/product"}],"wp:featuredmedia":[{"embeddable":true,"href":"https:\/\/www.dr-ambrosius24.de\/mycoach\/wp-json\/wp\/v2\/media\/24751"}],"wp:attachment":[{"href":"https:\/\/www.dr-ambrosius24.de\/mycoach\/wp-json\/wp\/v2\/media?parent=24750"}],"wp:term":[{"taxonomy":"product_brand","embeddable":true,"href":"https:\/\/www.dr-ambrosius24.de\/mycoach\/wp-json\/wp\/v2\/product_brand?post=24750"},{"taxonomy":"product_cat","embeddable":true,"href":"https:\/\/www.dr-ambrosius24.de\/mycoach\/wp-json\/wp\/v2\/product_cat?post=24750"},{"taxonomy":"product_tag","embeddable":true,"href":"https:\/\/www.dr-ambrosius24.de\/mycoach\/wp-json\/wp\/v2\/product_tag?post=24750"}],"curies":[{"name":"wp","href":"https:\/\/api.w.org\/{rel}","templated":true}]}}